{"id":670,"date":"2023-02-07T09:10:26","date_gmt":"2023-02-07T09:10:26","guid":{"rendered":"https:\/\/legalvillage.hldemo.tech\/?page_id=670"},"modified":"2024-11-26T11:32:09","modified_gmt":"2024-11-26T10:32:09","slug":"clause-rgpd-pour-les-professionnels-de-limmobilier","status":"publish","type":"page","link":"https:\/\/legalvillage.hldemo.tech\/fr\/professionnels\/document-juridique-entreprise\/clause-rgpd-pour-les-professionnels-de-limmobilier\/","title":{"rendered":"Clause RGPD pour les professionnels de l&rsquo;immobilier"},"content":{"rendered":"\t\t<div data-elementor-type=\"wp-page\" data-elementor-id=\"670\" class=\"elementor elementor-670\" data-elementor-post-type=\"page\">\n\t\t\t\t\t\t<section class=\"elementor-section elementor-top-section elementor-element elementor-element-d3dc49a elementor-section-height-min-height elementor-section-boxed elementor-section-height-default elementor-section-items-middle wpr-particle-no wpr-jarallax-no wpr-parallax-no wpr-sticky-section-no\" data-id=\"d3dc49a\" data-element_type=\"section\" data-settings=\"{&quot;background_background&quot;:&quot;classic&quot;}\">\n\t\t\t\t\t\t<div class=\"elementor-container elementor-column-gap-default\">\n\t\t\t\t\t<div class=\"elementor-column elementor-col-100 elementor-top-column elementor-element elementor-element-7f19382\" data-id=\"7f19382\" data-element_type=\"column\">\n\t\t\t<div class=\"elementor-widget-wrap elementor-element-populated\">\n\t\t\t\t\t\t<div class=\"elementor-element elementor-element-9cc3ea6 elementor-widget elementor-widget-shortcode\" data-id=\"9cc3ea6\" data-element_type=\"widget\" data-widget_type=\"shortcode.default\">\n\t\t\t\t<div class=\"elementor-widget-container\">\n\t\t\t\t\t\t\t<div class=\"elementor-shortcode\"><nav aria-label=\"breadcrumbs\" class=\"rank-math-breadcrumb\"><p><span class=\"last\">Home<\/span><\/p><\/nav><\/div>\n\t\t\t\t\t\t<\/div>\n\t\t\t\t<\/div>\n\t\t\t\t\t<\/div>\n\t\t<\/div>\n\t\t\t\t\t<\/div>\n\t\t<\/section>\n\t\t\t\t<section class=\"elementor-section elementor-top-section elementor-element elementor-element-81b5e20 elementor-section-boxed elementor-section-height-default elementor-section-height-default wpr-particle-no wpr-jarallax-no wpr-parallax-no wpr-sticky-section-no\" data-id=\"81b5e20\" data-element_type=\"section\">\n\t\t\t\t\t\t<div class=\"elementor-container elementor-column-gap-default\">\n\t\t\t\t\t<div class=\"elementor-column elementor-col-50 elementor-top-column elementor-element elementor-element-a8a300c\" data-id=\"a8a300c\" data-element_type=\"column\">\n\t\t\t<div class=\"elementor-widget-wrap elementor-element-populated\">\n\t\t\t\t\t\t<div class=\"elementor-element elementor-element-d0b7f9f elementor-widget-divider--view-line_text elementor-widget-divider--element-align-right elementor-widget elementor-widget-divider\" data-id=\"d0b7f9f\" data-element_type=\"widget\" data-widget_type=\"divider.default\">\n\t\t\t\t<div class=\"elementor-widget-container\">\n\t\t\t\t\t\t\t<div class=\"elementor-divider\">\n\t\t\t<span class=\"elementor-divider-separator\">\n\t\t\t\t\t\t\t<span class=\"elementor-divider__text elementor-divider__element\">\n\t\t\t\tMy Legal Documents\t\t\t\t<\/span>\n\t\t\t\t\t\t<\/span>\n\t\t<\/div>\n\t\t\t\t\t\t<\/div>\n\t\t\t\t<\/div>\n\t\t\t\t<div class=\"elementor-element elementor-element-abbfffa elementor-widget elementor-widget-spacer\" data-id=\"abbfffa\" data-element_type=\"widget\" data-widget_type=\"spacer.default\">\n\t\t\t\t<div class=\"elementor-widget-container\">\n\t\t\t\t\t\t\t<div class=\"elementor-spacer\">\n\t\t\t<div class=\"elementor-spacer-inner\"><\/div>\n\t\t<\/div>\n\t\t\t\t\t\t<\/div>\n\t\t\t\t<\/div>\n\t\t\t\t<div class=\"elementor-element elementor-element-bc4e8f8 elementor-widget elementor-widget-heading\" data-id=\"bc4e8f8\" data-element_type=\"widget\" data-widget_type=\"heading.default\">\n\t\t\t\t<div class=\"elementor-widget-container\">\n\t\t\t\t\t<h1 class=\"elementor-heading-title elementor-size-default\">Clause RGPD pour les professionnels de l'immobilier<\/h1>\t\t\t\t<\/div>\n\t\t\t\t<\/div>\n\t\t\t\t\t<\/div>\n\t\t<\/div>\n\t\t\t\t<div class=\"elementor-column elementor-col-50 elementor-top-column elementor-element elementor-element-2205fab\" data-id=\"2205fab\" data-element_type=\"column\">\n\t\t\t<div class=\"elementor-widget-wrap elementor-element-populated\">\n\t\t\t\t\t\t<div class=\"elementor-element elementor-element-bd6f0f5 elementor-widget elementor-widget-image\" data-id=\"bd6f0f5\" data-element_type=\"widget\" data-widget_type=\"image.default\">\n\t\t\t\t<div class=\"elementor-widget-container\">\n\t\t\t\t\t\t\t\t\t\t\t\t\t\t\t<img fetchpriority=\"high\" decoding=\"async\" width=\"230\" height=\"230\" src=\"https:\/\/legalvillage.hldemo.tech\/wp-content\/uploads\/2023\/02\/Download_Frame.png\" class=\"attachment-large size-large wp-image-672\" alt=\"Documents juridiques pictogramme\" srcset=\"https:\/\/legalvillage.hldemo.tech\/wp-content\/uploads\/2023\/02\/Download_Frame.png 230w, https:\/\/legalvillage.hldemo.tech\/wp-content\/uploads\/2023\/02\/Download_Frame-150x150.png 150w\" sizes=\"(max-width: 230px) 100vw, 230px\" \/>\t\t\t\t\t\t\t\t\t\t\t\t\t\t\t<\/div>\n\t\t\t\t<\/div>\n\t\t\t\t\t<\/div>\n\t\t<\/div>\n\t\t\t\t\t<\/div>\n\t\t<\/section>\n\t\t\t\t<section class=\"elementor-section elementor-top-section elementor-element elementor-element-99f559c elementor-section-boxed elementor-section-height-default elementor-section-height-default wpr-particle-no wpr-jarallax-no wpr-parallax-no wpr-sticky-section-no\" data-id=\"99f559c\" data-element_type=\"section\">\n\t\t\t\t\t\t<div class=\"elementor-container elementor-column-gap-default\">\n\t\t\t\t\t<div class=\"elementor-column elementor-col-33 elementor-top-column elementor-element elementor-element-5a51344\" data-id=\"5a51344\" data-element_type=\"column\">\n\t\t\t<div class=\"elementor-widget-wrap elementor-element-populated\">\n\t\t\t\t\t\t<section class=\"elementor-section elementor-inner-section elementor-element elementor-element-ec529bf elementor-section-boxed elementor-section-height-default elementor-section-height-default wpr-particle-no wpr-jarallax-no wpr-parallax-no wpr-sticky-section-no\" data-id=\"ec529bf\" data-element_type=\"section\" data-settings=\"{&quot;background_background&quot;:&quot;classic&quot;}\">\n\t\t\t\t\t\t<div class=\"elementor-container elementor-column-gap-default\">\n\t\t\t\t\t<div class=\"elementor-column elementor-col-100 elementor-inner-column elementor-element elementor-element-f88ab10\" data-id=\"f88ab10\" data-element_type=\"column\">\n\t\t\t<div class=\"elementor-widget-wrap elementor-element-populated\">\n\t\t\t\t\t\t<div class=\"elementor-element elementor-element-df7b8d9 elementor-widget elementor-widget-image\" data-id=\"df7b8d9\" data-element_type=\"widget\" data-widget_type=\"image.default\">\n\t\t\t\t<div class=\"elementor-widget-container\">\n\t\t\t\t\t\t\t\t\t\t\t\t\t\t\t<img decoding=\"async\" width=\"302\" height=\"143\" src=\"https:\/\/legalvillage.hldemo.tech\/wp-content\/uploads\/2023\/02\/Clip-path-group_download.png\" class=\"attachment-large size-large wp-image-674\" alt=\"clause RGPD business\" srcset=\"https:\/\/legalvillage.hldemo.tech\/wp-content\/uploads\/2023\/02\/Clip-path-group_download.png 302w, https:\/\/legalvillage.hldemo.tech\/wp-content\/uploads\/2023\/02\/Clip-path-group_download-300x142.png 300w\" sizes=\"(max-width: 302px) 100vw, 302px\" \/>\t\t\t\t\t\t\t\t\t\t\t\t\t\t\t<\/div>\n\t\t\t\t<\/div>\n\t\t\t\t<div class=\"elementor-element elementor-element-15231e6 elementor-widget elementor-widget-spacer\" data-id=\"15231e6\" data-element_type=\"widget\" data-widget_type=\"spacer.default\">\n\t\t\t\t<div class=\"elementor-widget-container\">\n\t\t\t\t\t\t\t<div class=\"elementor-spacer\">\n\t\t\t<div class=\"elementor-spacer-inner\"><\/div>\n\t\t<\/div>\n\t\t\t\t\t\t<\/div>\n\t\t\t\t<\/div>\n\t\t\t\t<div class=\"elementor-element elementor-element-a6ade60 elementor-widget elementor-widget-heading\" data-id=\"a6ade60\" data-element_type=\"widget\" data-widget_type=\"heading.default\">\n\t\t\t\t<div class=\"elementor-widget-container\">\n\t\t\t\t\t<p class=\"elementor-heading-title elementor-size-default\">En seulement 7 min ! Vous \u00eates pr\u00eat ?<\/p>\t\t\t\t<\/div>\n\t\t\t\t<\/div>\n\t\t\t\t<div class=\"elementor-element elementor-element-9acb94f elementor-widget elementor-widget-spacer\" data-id=\"9acb94f\" data-element_type=\"widget\" data-widget_type=\"spacer.default\">\n\t\t\t\t<div class=\"elementor-widget-container\">\n\t\t\t\t\t\t\t<div class=\"elementor-spacer\">\n\t\t\t<div class=\"elementor-spacer-inner\"><\/div>\n\t\t<\/div>\n\t\t\t\t\t\t<\/div>\n\t\t\t\t<\/div>\n\t\t\t\t<div class=\"elementor-element elementor-element-e0a8b3f elementor-align-center elementor-widget elementor-widget-button\" data-id=\"e0a8b3f\" data-element_type=\"widget\" data-widget_type=\"button.default\">\n\t\t\t\t<div class=\"elementor-widget-container\">\n\t\t\t\t\t\t\t\t\t<div class=\"elementor-button-wrapper\">\n\t\t\t\t\t<a class=\"elementor-button elementor-button-link elementor-size-sm\" href=\"https:\/\/thelegalvillage.lawbox.be\/WizardConsumer\/InitProductWizardOthers?productId=47&#038;language=fr-be\" target=\"_blank\" rel=\"noopener\">\n\t\t\t\t\t\t<span class=\"elementor-button-content-wrapper\">\n\t\t\t\t\t\t\t\t\t<span class=\"elementor-button-text\">Cr\u00e9ez ce document<\/span>\n\t\t\t\t\t<\/span>\n\t\t\t\t\t<\/a>\n\t\t\t\t<\/div>\n\t\t\t\t\t\t\t\t<\/div>\n\t\t\t\t<\/div>\n\t\t\t\t<div class=\"elementor-element elementor-element-c39275f elementor-widget-divider--view-line elementor-widget elementor-widget-divider\" data-id=\"c39275f\" data-element_type=\"widget\" data-widget_type=\"divider.default\">\n\t\t\t\t<div class=\"elementor-widget-container\">\n\t\t\t\t\t\t\t<div class=\"elementor-divider\">\n\t\t\t<span class=\"elementor-divider-separator\">\n\t\t\t\t\t\t<\/span>\n\t\t<\/div>\n\t\t\t\t\t\t<\/div>\n\t\t\t\t<\/div>\n\t\t\t\t<div class=\"elementor-element elementor-element-37cf097 elementor-widget elementor-widget-heading\" data-id=\"37cf097\" data-element_type=\"widget\" data-widget_type=\"heading.default\">\n\t\t\t\t<div class=\"elementor-widget-container\">\n\t\t\t\t\t<p class=\"elementor-heading-title elementor-size-default\">D\u00e9couvrez ce produit parmi nos packs et abonnements avantageux.<\/p>\t\t\t\t<\/div>\n\t\t\t\t<\/div>\n\t\t\t\t<div class=\"elementor-element elementor-element-0470cbe elementor-widget elementor-widget-spacer\" data-id=\"0470cbe\" data-element_type=\"widget\" data-widget_type=\"spacer.default\">\n\t\t\t\t<div class=\"elementor-widget-container\">\n\t\t\t\t\t\t\t<div class=\"elementor-spacer\">\n\t\t\t<div class=\"elementor-spacer-inner\"><\/div>\n\t\t<\/div>\n\t\t\t\t\t\t<\/div>\n\t\t\t\t<\/div>\n\t\t\t\t\t<\/div>\n\t\t<\/div>\n\t\t\t\t\t<\/div>\n\t\t<\/section>\n\t\t\t\t<div class=\"elementor-element elementor-element-dbf521a elementor-widget elementor-widget-spacer\" data-id=\"dbf521a\" data-element_type=\"widget\" data-widget_type=\"spacer.default\">\n\t\t\t\t<div class=\"elementor-widget-container\">\n\t\t\t\t\t\t\t<div class=\"elementor-spacer\">\n\t\t\t<div class=\"elementor-spacer-inner\"><\/div>\n\t\t<\/div>\n\t\t\t\t\t\t<\/div>\n\t\t\t\t<\/div>\n\t\t\t\t<div class=\"elementor-element elementor-element-7e09c05 elementor-widget elementor-widget-text-editor\" data-id=\"7e09c05\" data-element_type=\"widget\" data-widget_type=\"text-editor.default\">\n\t\t\t\t<div class=\"elementor-widget-container\">\n\t\t\t\t\t\t\t\t\t<p>Dur\u00e9e du questionnaire : 7 min.<\/p><p>Date de derni\u00e8re mise \u00e0 jour : 16\/02\/2019<\/p><p>Langue disponible : FR \/ NL<\/p>\t\t\t\t\t\t\t\t<\/div>\n\t\t\t\t<\/div>\n\t\t\t\t\t<\/div>\n\t\t<\/div>\n\t\t\t\t<div class=\"elementor-column elementor-col-66 elementor-top-column elementor-element elementor-element-8bf68f5\" data-id=\"8bf68f5\" data-element_type=\"column\">\n\t\t\t<div class=\"elementor-widget-wrap elementor-element-populated\">\n\t\t\t\t\t\t<div class=\"elementor-element elementor-element-522c2ea elementor-widget elementor-widget-text-editor\" data-id=\"522c2ea\" data-element_type=\"widget\" data-widget_type=\"text-editor.default\">\n\t\t\t\t<div class=\"elementor-widget-container\">\n\t\t\t\t\t\t\t\t\t<p>En qualit\u00e9 de professionnel de l&rsquo;immobilier, vous allez collecter et traiter des donn\u00e9es \u00e0 caract\u00e8re personnel.<br \/><br \/>Dans ce cadre, et en fonction de votre m\u00e9tier (agent immobilier, syndic ou autre), il faut imp\u00e9rativement pr\u00e9venir vos clients et leur expliquer, de mani\u00e8re claire, votre politique en mati\u00e8re de traitement des donn\u00e9es.<br \/><br \/>Pour y arriver, vous avez la possibilit\u00e9 de renvoyer vos clients vers votre propre politique g\u00e9n\u00e9rale (par exemple, affich\u00e9e sur votre site web).Si vous ne disposez pas de politique g\u00e9n\u00e9rale,il est alors fortement conseill\u00e9 d&rsquo;ins\u00e9rer une clause d&rsquo;information comme propos\u00e9 dans ce document.<\/p>\t\t\t\t\t\t\t\t<\/div>\n\t\t\t\t<\/div>\n\t\t\t\t\t<\/div>\n\t\t<\/div>\n\t\t\t\t\t<\/div>\n\t\t<\/section>\n\t\t\t\t<\/div>\n\t\t","protected":false},"excerpt":{"rendered":"<p>My Legal Documents Clause RGPD pour les professionnels de l&rsquo;immobilier En seulement 7 min ! Vous \u00eates pr\u00eat ? Cr\u00e9ez ce document D\u00e9couvrez ce produit parmi nos packs et abonnements avantageux. Dur\u00e9e du questionnaire : 7 min. Date de derni\u00e8re mise \u00e0 jour : 16\/02\/2019 Langue disponible : FR \/ NL En qualit\u00e9 de professionnel de l&rsquo;immobilier, vous allez collecter et traiter des donn\u00e9es \u00e0 caract\u00e8re personnel. Dans ce cadre, et en fonction de votre m\u00e9tier (agent immobilier, syndic ou autre), il faut imp\u00e9rativement pr\u00e9venir vos clients et leur expliquer, de mani\u00e8re claire, votre politique en mati\u00e8re de traitement des donn\u00e9es. Pour y arriver, vous avez la possibilit\u00e9 de renvoyer vos clients vers votre propre politique g\u00e9n\u00e9rale (par exemple, affich\u00e9e sur votre site web).Si vous ne disposez pas de politique g\u00e9n\u00e9rale,il est alors fortement conseill\u00e9 d&rsquo;ins\u00e9rer une clause d&rsquo;information comme propos\u00e9 dans ce document.<\/p>\n","protected":false},"author":1,"featured_media":0,"parent":62,"menu_order":0,"comment_status":"closed","ping_status":"closed","template":"","meta":{"footnotes":""},"class_list":["post-670","page","type-page","status-publish","hentry"],"_links":{"self":[{"href":"https:\/\/legalvillage.hldemo.tech\/fr\/wp-json\/wp\/v2\/pages\/670","targetHints":{"allow":["GET"]}}],"collection":[{"href":"https:\/\/legalvillage.hldemo.tech\/fr\/wp-json\/wp\/v2\/pages"}],"about":[{"href":"https:\/\/legalvillage.hldemo.tech\/fr\/wp-json\/wp\/v2\/types\/page"}],"author":[{"embeddable":true,"href":"https:\/\/legalvillage.hldemo.tech\/fr\/wp-json\/wp\/v2\/users\/1"}],"replies":[{"embeddable":true,"href":"https:\/\/legalvillage.hldemo.tech\/fr\/wp-json\/wp\/v2\/comments?post=670"}],"version-history":[{"count":48,"href":"https:\/\/legalvillage.hldemo.tech\/fr\/wp-json\/wp\/v2\/pages\/670\/revisions"}],"predecessor-version":[{"id":9617,"href":"https:\/\/legalvillage.hldemo.tech\/fr\/wp-json\/wp\/v2\/pages\/670\/revisions\/9617"}],"up":[{"embeddable":true,"href":"https:\/\/legalvillage.hldemo.tech\/fr\/wp-json\/wp\/v2\/pages\/62"}],"wp:attachment":[{"href":"https:\/\/legalvillage.hldemo.tech\/fr\/wp-json\/wp\/v2\/media?parent=670"}],"curies":[{"name":"wp","href":"https:\/\/api.w.org\/{rel}","templated":true}]}}