{"id":1745,"date":"2023-03-15T08:04:35","date_gmt":"2023-03-15T08:04:35","guid":{"rendered":"https:\/\/legalvillage.hldemo.tech\/?page_id=1745"},"modified":"2024-12-20T10:13:40","modified_gmt":"2024-12-20T09:13:40","slug":"algemene-voorwaarden-verkoop-van-diensten","status":"publish","type":"page","link":"https:\/\/legalvillage.hldemo.tech\/nl\/ondernemer\/juridische-document-onderneming\/algemene-voorwaarden-verkoop-van-diensten\/","title":{"rendered":"Algemene voorwaarden verkoop van diensten"},"content":{"rendered":"<div data-elementor-type=\"wp-page\" data-elementor-id=\"1745\" class=\"elementor elementor-1745\" data-elementor-post-type=\"page\">\n\t\t\t\t\t\t<section class=\"elementor-section elementor-top-section elementor-element elementor-element-d3dc49a elementor-section-height-min-height elementor-section-boxed elementor-section-height-default elementor-section-items-middle wpr-particle-no wpr-jarallax-no wpr-parallax-no wpr-sticky-section-no\" data-id=\"d3dc49a\" data-element_type=\"section\" data-settings=\"{&quot;background_background&quot;:&quot;classic&quot;}\">\n\t\t\t\t\t\t<div class=\"elementor-container elementor-column-gap-default\">\n\t\t\t\t\t<div class=\"elementor-column elementor-col-100 elementor-top-column elementor-element elementor-element-7f19382\" data-id=\"7f19382\" data-element_type=\"column\">\n\t\t\t<div class=\"elementor-widget-wrap elementor-element-populated\">\n\t\t\t\t\t\t<div class=\"elementor-element elementor-element-9cc3ea6 elementor-widget elementor-widget-shortcode\" data-id=\"9cc3ea6\" data-element_type=\"widget\" data-widget_type=\"shortcode.default\">\n\t\t\t\t<div class=\"elementor-widget-container\">\n\t\t\t\t\t\t\t<div class=\"elementor-shortcode\"><nav aria-label=\"breadcrumbs\" class=\"rank-math-breadcrumb\"><p><span class=\"last\">Home<\/span><\/p><\/nav><\/div>\n\t\t\t\t\t\t<\/div>\n\t\t\t\t<\/div>\n\t\t\t\t\t<\/div>\n\t\t<\/div>\n\t\t\t\t\t<\/div>\n\t\t<\/section>\n\t\t\t\t<section class=\"elementor-section elementor-top-section elementor-element elementor-element-81b5e20 elementor-section-boxed elementor-section-height-default elementor-section-height-default wpr-particle-no wpr-jarallax-no wpr-parallax-no wpr-sticky-section-no\" data-id=\"81b5e20\" data-element_type=\"section\">\n\t\t\t\t\t\t<div class=\"elementor-container elementor-column-gap-default\">\n\t\t\t\t\t<div class=\"elementor-column elementor-col-50 elementor-top-column elementor-element elementor-element-a8a300c\" data-id=\"a8a300c\" data-element_type=\"column\">\n\t\t\t<div class=\"elementor-widget-wrap elementor-element-populated\">\n\t\t\t\t\t\t<div class=\"elementor-element elementor-element-d0b7f9f elementor-widget-divider--view-line_text elementor-widget-divider--element-align-right elementor-widget elementor-widget-divider\" data-id=\"d0b7f9f\" data-element_type=\"widget\" data-widget_type=\"divider.default\">\n\t\t\t\t<div class=\"elementor-widget-container\">\n\t\t\t\t\t\t\t<div class=\"elementor-divider\">\n\t\t\t<span class=\"elementor-divider-separator\">\n\t\t\t\t\t\t\t<span class=\"elementor-divider__text elementor-divider__element\">\n\t\t\t\tMy Legal Documents\t\t\t\t<\/span>\n\t\t\t\t\t\t<\/span>\n\t\t<\/div>\n\t\t\t\t\t\t<\/div>\n\t\t\t\t<\/div>\n\t\t\t\t<div class=\"elementor-element elementor-element-abbfffa elementor-widget elementor-widget-spacer\" data-id=\"abbfffa\" data-element_type=\"widget\" data-widget_type=\"spacer.default\">\n\t\t\t\t<div class=\"elementor-widget-container\">\n\t\t\t\t\t\t\t<div class=\"elementor-spacer\">\n\t\t\t<div class=\"elementor-spacer-inner\"><\/div>\n\t\t<\/div>\n\t\t\t\t\t\t<\/div>\n\t\t\t\t<\/div>\n\t\t\t\t<div class=\"elementor-element elementor-element-bc4e8f8 elementor-widget elementor-widget-heading\" data-id=\"bc4e8f8\" data-element_type=\"widget\" data-widget_type=\"heading.default\">\n\t\t\t\t<div class=\"elementor-widget-container\">\n\t\t\t\t\t<h1 class=\"elementor-heading-title elementor-size-default\">Algemene voorwaarden verkoop van diensten<\/h1>\t\t\t\t<\/div>\n\t\t\t\t<\/div>\n\t\t\t\t\t<\/div>\n\t\t<\/div>\n\t\t\t\t<div class=\"elementor-column elementor-col-50 elementor-top-column elementor-element elementor-element-2205fab\" data-id=\"2205fab\" data-element_type=\"column\">\n\t\t\t<div class=\"elementor-widget-wrap elementor-element-populated\">\n\t\t\t\t\t\t<div class=\"elementor-element elementor-element-bd6f0f5 elementor-widget elementor-widget-image\" data-id=\"bd6f0f5\" data-element_type=\"widget\" data-widget_type=\"image.default\">\n\t\t\t\t<div class=\"elementor-widget-container\">\n\t\t\t\t\t\t\t\t\t\t\t\t\t\t\t<img fetchpriority=\"high\" decoding=\"async\" width=\"230\" height=\"230\" src=\"https:\/\/legalvillage.hldemo.tech\/wp-content\/uploads\/2023\/02\/Download_Frame.png\" class=\"attachment-large size-large wp-image-672\" alt=\"Documents juridiques pictogramme\" srcset=\"https:\/\/legalvillage.hldemo.tech\/wp-content\/uploads\/2023\/02\/Download_Frame.png 230w, https:\/\/legalvillage.hldemo.tech\/wp-content\/uploads\/2023\/02\/Download_Frame-150x150.png 150w\" sizes=\"(max-width: 230px) 100vw, 230px\" \/>\t\t\t\t\t\t\t\t\t\t\t\t\t\t\t<\/div>\n\t\t\t\t<\/div>\n\t\t\t\t\t<\/div>\n\t\t<\/div>\n\t\t\t\t\t<\/div>\n\t\t<\/section>\n\t\t\t\t<section class=\"elementor-section elementor-top-section elementor-element elementor-element-99f559c elementor-section-boxed elementor-section-height-default elementor-section-height-default wpr-particle-no wpr-jarallax-no wpr-parallax-no wpr-sticky-section-no\" data-id=\"99f559c\" data-element_type=\"section\">\n\t\t\t\t\t\t<div class=\"elementor-container elementor-column-gap-default\">\n\t\t\t\t\t<div class=\"elementor-column elementor-col-33 elementor-top-column elementor-element elementor-element-5a51344\" data-id=\"5a51344\" data-element_type=\"column\">\n\t\t\t<div class=\"elementor-widget-wrap elementor-element-populated\">\n\t\t\t\t\t\t<section class=\"elementor-section elementor-inner-section elementor-element elementor-element-ec529bf elementor-section-boxed elementor-section-height-default elementor-section-height-default wpr-particle-no wpr-jarallax-no wpr-parallax-no wpr-sticky-section-no\" data-id=\"ec529bf\" data-element_type=\"section\" data-settings=\"{&quot;background_background&quot;:&quot;classic&quot;}\">\n\t\t\t\t\t\t<div class=\"elementor-container elementor-column-gap-default\">\n\t\t\t\t\t<div class=\"elementor-column elementor-col-100 elementor-inner-column elementor-element elementor-element-f88ab10\" data-id=\"f88ab10\" data-element_type=\"column\">\n\t\t\t<div class=\"elementor-widget-wrap elementor-element-populated\">\n\t\t\t\t\t\t<div class=\"elementor-element elementor-element-df7b8d9 elementor-widget elementor-widget-image\" data-id=\"df7b8d9\" data-element_type=\"widget\" data-widget_type=\"image.default\">\n\t\t\t\t<div class=\"elementor-widget-container\">\n\t\t\t\t\t\t\t\t\t\t\t\t\t\t\t<img decoding=\"async\" width=\"302\" height=\"143\" src=\"https:\/\/legalvillage.hldemo.tech\/wp-content\/uploads\/2023\/02\/Clip-path-group_download.png\" class=\"attachment-large size-large wp-image-674\" alt=\"clause RGPD business\" srcset=\"https:\/\/legalvillage.hldemo.tech\/wp-content\/uploads\/2023\/02\/Clip-path-group_download.png 302w, https:\/\/legalvillage.hldemo.tech\/wp-content\/uploads\/2023\/02\/Clip-path-group_download-300x142.png 300w\" sizes=\"(max-width: 302px) 100vw, 302px\" \/>\t\t\t\t\t\t\t\t\t\t\t\t\t\t\t<\/div>\n\t\t\t\t<\/div>\n\t\t\t\t<div class=\"elementor-element elementor-element-15231e6 elementor-widget elementor-widget-spacer\" data-id=\"15231e6\" data-element_type=\"widget\" data-widget_type=\"spacer.default\">\n\t\t\t\t<div class=\"elementor-widget-container\">\n\t\t\t\t\t\t\t<div class=\"elementor-spacer\">\n\t\t\t<div class=\"elementor-spacer-inner\"><\/div>\n\t\t<\/div>\n\t\t\t\t\t\t<\/div>\n\t\t\t\t<\/div>\n\t\t\t\t<div class=\"elementor-element elementor-element-a6ade60 elementor-widget elementor-widget-heading\" data-id=\"a6ade60\" data-element_type=\"widget\" data-widget_type=\"heading.default\">\n\t\t\t\t<div class=\"elementor-widget-container\">\n\t\t\t\t\t<p class=\"elementor-heading-title elementor-size-default\">Verkoopsovereen. Stel je document op in 7 min. Bent u klaar?<\/p>\t\t\t\t<\/div>\n\t\t\t\t<\/div>\n\t\t\t\t<div class=\"elementor-element elementor-element-9acb94f elementor-widget elementor-widget-spacer\" data-id=\"9acb94f\" data-element_type=\"widget\" data-widget_type=\"spacer.default\">\n\t\t\t\t<div class=\"elementor-widget-container\">\n\t\t\t\t\t\t\t<div class=\"elementor-spacer\">\n\t\t\t<div class=\"elementor-spacer-inner\"><\/div>\n\t\t<\/div>\n\t\t\t\t\t\t<\/div>\n\t\t\t\t<\/div>\n\t\t\t\t<div class=\"elementor-element elementor-element-e0a8b3f elementor-align-center elementor-widget elementor-widget-button\" data-id=\"e0a8b3f\" data-element_type=\"widget\" data-widget_type=\"button.default\">\n\t\t\t\t<div class=\"elementor-widget-container\">\n\t\t\t\t\t\t\t\t\t<div class=\"elementor-button-wrapper\">\n\t\t\t\t\t<a class=\"elementor-button elementor-button-link elementor-size-sm\" href=\"https:\/\/thelegalvillage.lawbox.be\/WizardConsumer\/InitProductWizardOthers?productId=51&amp;language=nl-be\" target=\"_blank\" rel=\"noopener\">\n\t\t\t\t\t\t<span class=\"elementor-button-content-wrapper\">\n\t\t\t\t\t\t\t\t\t<span class=\"elementor-button-text\">Stel je document op<\/span>\n\t\t\t\t\t<\/span>\n\t\t\t\t\t<\/a>\n\t\t\t\t<\/div>\n\t\t\t\t\t\t\t\t<\/div>\n\t\t\t\t<\/div>\n\t\t\t\t<div class=\"elementor-element elementor-element-c39275f elementor-widget-divider--view-line elementor-widget elementor-widget-divider\" data-id=\"c39275f\" data-element_type=\"widget\" data-widget_type=\"divider.default\">\n\t\t\t\t<div class=\"elementor-widget-container\">\n\t\t\t\t\t\t\t<div class=\"elementor-divider\">\n\t\t\t<span class=\"elementor-divider-separator\">\n\t\t\t\t\t\t<\/span>\n\t\t<\/div>\n\t\t\t\t\t\t<\/div>\n\t\t\t\t<\/div>\n\t\t\t\t<div class=\"elementor-element elementor-element-37cf097 elementor-widget elementor-widget-heading\" data-id=\"37cf097\" data-element_type=\"widget\" data-widget_type=\"heading.default\">\n\t\t\t\t<div class=\"elementor-widget-container\">\n\t\t\t\t\t<p class=\"elementor-heading-title elementor-size-default\">Ontdek dit product als onderdeel van onze packs en aantrekkelijke abonnementen.<\/p>\t\t\t\t<\/div>\n\t\t\t\t<\/div>\n\t\t\t\t<div class=\"elementor-element elementor-element-0470cbe elementor-widget elementor-widget-spacer\" data-id=\"0470cbe\" data-element_type=\"widget\" data-widget_type=\"spacer.default\">\n\t\t\t\t<div class=\"elementor-widget-container\">\n\t\t\t\t\t\t\t<div class=\"elementor-spacer\">\n\t\t\t<div class=\"elementor-spacer-inner\"><\/div>\n\t\t<\/div>\n\t\t\t\t\t\t<\/div>\n\t\t\t\t<\/div>\n\t\t\t\t\t<\/div>\n\t\t<\/div>\n\t\t\t\t\t<\/div>\n\t\t<\/section>\n\t\t\t\t<div class=\"elementor-element elementor-element-dbf521a elementor-widget elementor-widget-spacer\" data-id=\"dbf521a\" data-element_type=\"widget\" data-widget_type=\"spacer.default\">\n\t\t\t\t<div class=\"elementor-widget-container\">\n\t\t\t\t\t\t\t<div class=\"elementor-spacer\">\n\t\t\t<div class=\"elementor-spacer-inner\"><\/div>\n\t\t<\/div>\n\t\t\t\t\t\t<\/div>\n\t\t\t\t<\/div>\n\t\t\t\t<div class=\"elementor-element elementor-element-7e09c05 elementor-widget elementor-widget-text-editor\" data-id=\"7e09c05\" data-element_type=\"widget\" data-widget_type=\"text-editor.default\">\n\t\t\t\t<div class=\"elementor-widget-container\">\n\t\t\t\t\t\t\t\t\t<p>Duur van de vragenlijst: 5 min.<\/p><p>Datum laatste update: 14\/02\/2019<\/p><p>Beschikbare talen: FR \/ NL<\/p>\t\t\t\t\t\t\t\t<\/div>\n\t\t\t\t<\/div>\n\t\t\t\t\t<\/div>\n\t\t<\/div>\n\t\t\t\t<div class=\"elementor-column elementor-col-66 elementor-top-column elementor-element elementor-element-8bf68f5\" data-id=\"8bf68f5\" data-element_type=\"column\">\n\t\t\t<div class=\"elementor-widget-wrap elementor-element-populated\">\n\t\t\t\t\t\t<div class=\"elementor-element elementor-element-522c2ea elementor-widget elementor-widget-text-editor\" data-id=\"522c2ea\" data-element_type=\"widget\" data-widget_type=\"text-editor.default\">\n\t\t\t\t<div class=\"elementor-widget-container\">\n\t\t\t\t\t\t\t\t\t<p><b>Dankzij deze interactieve template kunt u zelf algemene voorwaarden opstellen.<\/b><\/p><p>Algemene voorwaarden zijn een overeenkomst in de juridische zin van het woord. Ze verbinden met andere woorden zowel de klant als de verkoper.<\/p><p>Daarom is het belangrijk dat men de grootste zorg besteedt aan het opstellen van deze algemene voorwaarden.<\/p><p>Het doel van deze algemene voorwaarden is de klant, die zowel een handelaar als een consument kan zijn, te informeren v\u00f3\u00f3r iedere verkoop of levering van diensten over de modaliteiten van de overeenkomst, de modaliteiten van de levering, enz.<\/p><p>Het is belangrijk deze algemene verkoopsvoorwaarden en algemene dienstverleningsvoorwaarden aan de klant over te maken nog voor enige transactie plaatsvindt.<\/p><p>In het algemeen wordt namelijk aangenomen dat de algemene voorwaarden, teneinde tegenwerpelijk te zijn, aan de klant dienen te worden overgemaakt v\u00f3\u00f3r het sluiten van de overeenkomst. Het is bijgevolg bijzonder nuttig om de algemene voorwaarden aan de klant mee te delen op het ogenblik van het plaatsen van de bestelling en, indien de verkoper\/dienstverlener hierover beschikt, deze algemene voorwaarden op de website beschikbaar te stellen.<\/p><p>Het kan eveneens nuttig zijn om op de website een uitdrukkelijke aanvaarding van de algemene voorwaarden te voorzien. Het is tevens aangeraden naar de algemene voorwaarden te verwijzen bij het bevestigen van de bestelling, alsook om deze op de achterzijde van de factuur weer te geven bij het overmaken van de factuur aan de klant.<\/p><p>Dit document beoogt zowel de verkoop op afstand (via internet) als de verkoop in een winkel van producten waaraan een dienstverlening verbonden is.<\/p><p>Op Lawbox worden eveneens andere voorbeeld algemene voorwaarden te uwer beschikking gesteld om aan tal van andere gevallen tegemoet te komen (in het bijzonder voor wat betreft de verkoop van producten of de levering van diensten afzonderlijk).<\/p><p>Meer informatie over algemene voorwaarden vindt u in onze overzichtelijke brochure.<\/p><p>Voordat u begint met het schrijven van uw document, moet u ervoor zorgen dat u over de nodige informatie beschikt.<\/p>\t\t\t\t\t\t\t\t<\/div>\n\t\t\t\t<\/div>\n\t\t\t\t\t<\/div>\n\t\t<\/div>\n\t\t\t\t\t<\/div>\n\t\t<\/section>\n\t\t\t\t<\/div>","protected":false},"excerpt":{"rendered":"<p>My Legal Documents Conditions g\u00e9n\u00e9rales de prestation de services En seulement 7 min ! Vous \u00eates pr\u00eat ? Cr\u00e9ez ce document D\u00e9couvrez ce produit parmi nos packs et abonnements avantageux. Dur\u00e9e du questionnaire : 7 min. Date de derni\u00e8re mise \u00e0 jour : 16\/02\/2019 Langue disponible : FR \/ NL Gr\u00e2ce \u00e0 ce mod\u00e8le interactif, vous pouvez r\u00e9diger vous-m\u00eame les conditions g\u00e9n\u00e9rales. Les conditions g\u00e9n\u00e9rales sont en r\u00e9alit\u00e9 un contrat au sens juridique du terme. Ce contrat lie le client et le vendeur\/prestataire de services. C\u2019est pour cette raison qu\u2019il est tr\u00e8s important d\u2019apporter le plus grand soin \u00e0 la r\u00e9daction de ces conditions g\u00e9n\u00e9rales. L\u2019objectif consiste \u00e0 informer le client, qui peut \u00eatre un professionnel ou un consommateur, avant toute vente ou prestation de services, des conditions et modalit\u00e9s de r\u00e8glement, des r\u00e8gles en mati\u00e8re de livraison, etc. Il est important de communiquer les conditions g\u00e9n\u00e9rales de vente et de prestation de services avant toute transaction. En effet, on consid\u00e8re g\u00e9n\u00e9ralement que, pour \u00eatre opposables, le client doit \u00eatre mis au courant de toutes les clauses avant de conclure la convention. Il est donc bien entendu tr\u00e8s utile d&rsquo;adresser les conditions g\u00e9n\u00e9rales au moment de la commande et, si le vendeur\/prestataire en dispose, de faire figurer ces conditions g\u00e9n\u00e9rales sur son site web. Il ne faut pas h\u00e9siter non plus \u00e0 pr\u00e9voir une acceptation expresse des conditions g\u00e9n\u00e9rales sur le site web. De m\u00eame, il est vivement conseill\u00e9 de faire r\u00e9f\u00e9rence aux conditions g\u00e9n\u00e9rales lors de la confirmation de la commande ainsi qu&rsquo;au dos des factures lorsque celles-ci sont adress\u00e9es au client. Ce document envisage le cas de la commande \u00e0 distance (sur internet) comme en magasin d&rsquo;une prestation de services. D&rsquo;autres documents sont disponibles sur Lawbox pour r\u00e9pondre \u00e0 divers cas de figure (et notamment lorsque la prestation de services peut \u00eatre accompagn\u00e9e d&rsquo;une vente ou encore lorsque seule la vente d&rsquo;un produit est pr\u00e9vue). Pour plus d&rsquo;information concernant les conditions g\u00e9n\u00e9rales, consultez notre brochure. Avant d&rsquo;entamer la r\u00e9daction de votre document, assurez-vous d&rsquo;avoir les informations n\u00e9cessaires.<\/p>","protected":false},"author":2,"featured_media":0,"parent":62,"menu_order":0,"comment_status":"closed","ping_status":"closed","template":"","meta":{"footnotes":""},"class_list":["post-1745","page","type-page","status-publish","hentry"],"_links":{"self":[{"href":"https:\/\/legalvillage.hldemo.tech\/nl\/wp-json\/wp\/v2\/pages\/1745","targetHints":{"allow":["GET"]}}],"collection":[{"href":"https:\/\/legalvillage.hldemo.tech\/nl\/wp-json\/wp\/v2\/pages"}],"about":[{"href":"https:\/\/legalvillage.hldemo.tech\/nl\/wp-json\/wp\/v2\/types\/page"}],"author":[{"embeddable":true,"href":"https:\/\/legalvillage.hldemo.tech\/nl\/wp-json\/wp\/v2\/users\/2"}],"replies":[{"embeddable":true,"href":"https:\/\/legalvillage.hldemo.tech\/nl\/wp-json\/wp\/v2\/comments?post=1745"}],"version-history":[{"count":25,"href":"https:\/\/legalvillage.hldemo.tech\/nl\/wp-json\/wp\/v2\/pages\/1745\/revisions"}],"predecessor-version":[{"id":9736,"href":"https:\/\/legalvillage.hldemo.tech\/nl\/wp-json\/wp\/v2\/pages\/1745\/revisions\/9736"}],"up":[{"embeddable":true,"href":"https:\/\/legalvillage.hldemo.tech\/nl\/wp-json\/wp\/v2\/pages\/62"}],"wp:attachment":[{"href":"https:\/\/legalvillage.hldemo.tech\/nl\/wp-json\/wp\/v2\/media?parent=1745"}],"curies":[{"name":"wp","href":"https:\/\/api.w.org\/{rel}","templated":true}]}}