{"id":1767,"date":"2023-03-15T08:12:20","date_gmt":"2023-03-15T08:12:20","guid":{"rendered":"https:\/\/legalvillage.hldemo.tech\/?page_id=1767"},"modified":"2024-12-20T10:47:36","modified_gmt":"2024-12-20T09:47:36","slug":"overeenkomst-beeindiging-handelshuurovereenkomst","status":"publish","type":"page","link":"https:\/\/legalvillage.hldemo.tech\/nl\/ondernemer\/juridische-document-onderneming\/overeenkomst-beeindiging-handelshuurovereenkomst\/","title":{"rendered":"Overeenkomst be\u00ebindiging handelshuurovereen-\nkomst"},"content":{"rendered":"<div data-elementor-type=\"wp-page\" data-elementor-id=\"1767\" class=\"elementor elementor-1767\" data-elementor-post-type=\"page\">\n\t\t\t\t\t\t<section class=\"elementor-section elementor-top-section elementor-element elementor-element-d3dc49a elementor-section-height-min-height elementor-section-boxed elementor-section-height-default elementor-section-items-middle wpr-particle-no wpr-jarallax-no wpr-parallax-no wpr-sticky-section-no\" data-id=\"d3dc49a\" data-element_type=\"section\" data-settings=\"{&quot;background_background&quot;:&quot;classic&quot;}\">\n\t\t\t\t\t\t<div class=\"elementor-container elementor-column-gap-default\">\n\t\t\t\t\t<div class=\"elementor-column elementor-col-100 elementor-top-column elementor-element elementor-element-7f19382\" data-id=\"7f19382\" data-element_type=\"column\">\n\t\t\t<div class=\"elementor-widget-wrap elementor-element-populated\">\n\t\t\t\t\t\t<div class=\"elementor-element elementor-element-9cc3ea6 elementor-widget elementor-widget-shortcode\" data-id=\"9cc3ea6\" data-element_type=\"widget\" data-widget_type=\"shortcode.default\">\n\t\t\t\t<div class=\"elementor-widget-container\">\n\t\t\t\t\t\t\t<div class=\"elementor-shortcode\"><nav aria-label=\"breadcrumbs\" class=\"rank-math-breadcrumb\"><p><span class=\"last\">Home<\/span><\/p><\/nav><\/div>\n\t\t\t\t\t\t<\/div>\n\t\t\t\t<\/div>\n\t\t\t\t\t<\/div>\n\t\t<\/div>\n\t\t\t\t\t<\/div>\n\t\t<\/section>\n\t\t\t\t<section class=\"elementor-section elementor-top-section elementor-element elementor-element-81b5e20 elementor-section-boxed elementor-section-height-default elementor-section-height-default wpr-particle-no wpr-jarallax-no wpr-parallax-no wpr-sticky-section-no\" data-id=\"81b5e20\" data-element_type=\"section\">\n\t\t\t\t\t\t<div class=\"elementor-container elementor-column-gap-default\">\n\t\t\t\t\t<div class=\"elementor-column elementor-col-50 elementor-top-column elementor-element elementor-element-a8a300c\" data-id=\"a8a300c\" data-element_type=\"column\">\n\t\t\t<div class=\"elementor-widget-wrap elementor-element-populated\">\n\t\t\t\t\t\t<div class=\"elementor-element elementor-element-d0b7f9f elementor-widget-divider--view-line_text elementor-widget-divider--element-align-right elementor-widget elementor-widget-divider\" data-id=\"d0b7f9f\" data-element_type=\"widget\" data-widget_type=\"divider.default\">\n\t\t\t\t<div class=\"elementor-widget-container\">\n\t\t\t\t\t\t\t<div class=\"elementor-divider\">\n\t\t\t<span class=\"elementor-divider-separator\">\n\t\t\t\t\t\t\t<span class=\"elementor-divider__text elementor-divider__element\">\n\t\t\t\tMy Legal Documents\t\t\t\t<\/span>\n\t\t\t\t\t\t<\/span>\n\t\t<\/div>\n\t\t\t\t\t\t<\/div>\n\t\t\t\t<\/div>\n\t\t\t\t<div class=\"elementor-element elementor-element-abbfffa elementor-widget elementor-widget-spacer\" data-id=\"abbfffa\" data-element_type=\"widget\" data-widget_type=\"spacer.default\">\n\t\t\t\t<div class=\"elementor-widget-container\">\n\t\t\t\t\t\t\t<div class=\"elementor-spacer\">\n\t\t\t<div class=\"elementor-spacer-inner\"><\/div>\n\t\t<\/div>\n\t\t\t\t\t\t<\/div>\n\t\t\t\t<\/div>\n\t\t\t\t<div class=\"elementor-element elementor-element-bc4e8f8 elementor-widget elementor-widget-heading\" data-id=\"bc4e8f8\" data-element_type=\"widget\" data-widget_type=\"heading.default\">\n\t\t\t\t<div class=\"elementor-widget-container\">\n\t\t\t\t\t<h1 class=\"elementor-heading-title elementor-size-default\">Overeenkomst be\u00ebindiging handelshuurovereenkomst<\/h1>\t\t\t\t<\/div>\n\t\t\t\t<\/div>\n\t\t\t\t\t<\/div>\n\t\t<\/div>\n\t\t\t\t<div class=\"elementor-column elementor-col-50 elementor-top-column elementor-element elementor-element-2205fab\" data-id=\"2205fab\" data-element_type=\"column\">\n\t\t\t<div class=\"elementor-widget-wrap elementor-element-populated\">\n\t\t\t\t\t\t<div class=\"elementor-element elementor-element-bd6f0f5 elementor-widget elementor-widget-image\" data-id=\"bd6f0f5\" data-element_type=\"widget\" data-widget_type=\"image.default\">\n\t\t\t\t<div class=\"elementor-widget-container\">\n\t\t\t\t\t\t\t\t\t\t\t\t\t\t\t<img fetchpriority=\"high\" decoding=\"async\" width=\"230\" height=\"230\" src=\"https:\/\/legalvillage.hldemo.tech\/wp-content\/uploads\/2023\/02\/Download_Frame.png\" class=\"attachment-large size-large wp-image-672\" alt=\"Documents juridiques pictogramme\" srcset=\"https:\/\/legalvillage.hldemo.tech\/wp-content\/uploads\/2023\/02\/Download_Frame.png 230w, https:\/\/legalvillage.hldemo.tech\/wp-content\/uploads\/2023\/02\/Download_Frame-150x150.png 150w\" sizes=\"(max-width: 230px) 100vw, 230px\" \/>\t\t\t\t\t\t\t\t\t\t\t\t\t\t\t<\/div>\n\t\t\t\t<\/div>\n\t\t\t\t\t<\/div>\n\t\t<\/div>\n\t\t\t\t\t<\/div>\n\t\t<\/section>\n\t\t\t\t<section class=\"elementor-section elementor-top-section elementor-element elementor-element-99f559c elementor-section-boxed elementor-section-height-default elementor-section-height-default wpr-particle-no wpr-jarallax-no wpr-parallax-no wpr-sticky-section-no\" data-id=\"99f559c\" data-element_type=\"section\">\n\t\t\t\t\t\t<div class=\"elementor-container elementor-column-gap-default\">\n\t\t\t\t\t<div class=\"elementor-column elementor-col-33 elementor-top-column elementor-element elementor-element-5a51344\" data-id=\"5a51344\" data-element_type=\"column\">\n\t\t\t<div class=\"elementor-widget-wrap elementor-element-populated\">\n\t\t\t\t\t\t<section class=\"elementor-section elementor-inner-section elementor-element elementor-element-ec529bf elementor-section-boxed elementor-section-height-default elementor-section-height-default wpr-particle-no wpr-jarallax-no wpr-parallax-no wpr-sticky-section-no\" data-id=\"ec529bf\" data-element_type=\"section\" data-settings=\"{&quot;background_background&quot;:&quot;classic&quot;}\">\n\t\t\t\t\t\t<div class=\"elementor-container elementor-column-gap-default\">\n\t\t\t\t\t<div class=\"elementor-column elementor-col-100 elementor-inner-column elementor-element elementor-element-f88ab10\" data-id=\"f88ab10\" data-element_type=\"column\">\n\t\t\t<div class=\"elementor-widget-wrap elementor-element-populated\">\n\t\t\t\t\t\t<div class=\"elementor-element elementor-element-df7b8d9 elementor-widget elementor-widget-image\" data-id=\"df7b8d9\" data-element_type=\"widget\" data-widget_type=\"image.default\">\n\t\t\t\t<div class=\"elementor-widget-container\">\n\t\t\t\t\t\t\t\t\t\t\t\t\t\t\t<img decoding=\"async\" width=\"302\" height=\"143\" src=\"https:\/\/legalvillage.hldemo.tech\/wp-content\/uploads\/2023\/02\/Clip-path-group_download.png\" class=\"attachment-large size-large wp-image-674\" alt=\"clause RGPD business\" srcset=\"https:\/\/legalvillage.hldemo.tech\/wp-content\/uploads\/2023\/02\/Clip-path-group_download.png 302w, https:\/\/legalvillage.hldemo.tech\/wp-content\/uploads\/2023\/02\/Clip-path-group_download-300x142.png 300w\" sizes=\"(max-width: 302px) 100vw, 302px\" \/>\t\t\t\t\t\t\t\t\t\t\t\t\t\t\t<\/div>\n\t\t\t\t<\/div>\n\t\t\t\t<div class=\"elementor-element elementor-element-15231e6 elementor-widget elementor-widget-spacer\" data-id=\"15231e6\" data-element_type=\"widget\" data-widget_type=\"spacer.default\">\n\t\t\t\t<div class=\"elementor-widget-container\">\n\t\t\t\t\t\t\t<div class=\"elementor-spacer\">\n\t\t\t<div class=\"elementor-spacer-inner\"><\/div>\n\t\t<\/div>\n\t\t\t\t\t\t<\/div>\n\t\t\t\t<\/div>\n\t\t\t\t<div class=\"elementor-element elementor-element-a6ade60 elementor-widget elementor-widget-heading\" data-id=\"a6ade60\" data-element_type=\"widget\" data-widget_type=\"heading.default\">\n\t\t\t\t<div class=\"elementor-widget-container\">\n\t\t\t\t\t<p class=\"elementor-heading-title elementor-size-default\">Privacy policy website. Stel je document op in 10 min. Bent u klaar?<\/p>\t\t\t\t<\/div>\n\t\t\t\t<\/div>\n\t\t\t\t<div class=\"elementor-element elementor-element-9acb94f elementor-widget elementor-widget-spacer\" data-id=\"9acb94f\" data-element_type=\"widget\" data-widget_type=\"spacer.default\">\n\t\t\t\t<div class=\"elementor-widget-container\">\n\t\t\t\t\t\t\t<div class=\"elementor-spacer\">\n\t\t\t<div class=\"elementor-spacer-inner\"><\/div>\n\t\t<\/div>\n\t\t\t\t\t\t<\/div>\n\t\t\t\t<\/div>\n\t\t\t\t<div class=\"elementor-element elementor-element-e0a8b3f elementor-align-center elementor-widget elementor-widget-button\" data-id=\"e0a8b3f\" data-element_type=\"widget\" data-widget_type=\"button.default\">\n\t\t\t\t<div class=\"elementor-widget-container\">\n\t\t\t\t\t\t\t\t\t<div class=\"elementor-button-wrapper\">\n\t\t\t\t\t<a class=\"elementor-button elementor-button-link elementor-size-sm\" href=\"https:\/\/www.lawbox.be\/documenten?backProductCategory=false&amp;productCategoryId=&amp;testWizard=true&amp;wizardId=96713b18-a4a8-4813-b4e8-42755c335fbd&amp;productId=6b525992-ab79-46bc-984a-751a5d41f58b&amp;language=nl-BE&amp;label=Overeenkomsttotbeindigingvaneenhandelshuurovereenkomstinonderlingoverleg\" target=\"_blank\" rel=\"noopener\">\n\t\t\t\t\t\t<span class=\"elementor-button-content-wrapper\">\n\t\t\t\t\t\t\t\t\t<span class=\"elementor-button-text\">Stel je document op<\/span>\n\t\t\t\t\t<\/span>\n\t\t\t\t\t<\/a>\n\t\t\t\t<\/div>\n\t\t\t\t\t\t\t\t<\/div>\n\t\t\t\t<\/div>\n\t\t\t\t<div class=\"elementor-element elementor-element-c39275f elementor-widget-divider--view-line elementor-widget elementor-widget-divider\" data-id=\"c39275f\" data-element_type=\"widget\" data-widget_type=\"divider.default\">\n\t\t\t\t<div class=\"elementor-widget-container\">\n\t\t\t\t\t\t\t<div class=\"elementor-divider\">\n\t\t\t<span class=\"elementor-divider-separator\">\n\t\t\t\t\t\t<\/span>\n\t\t<\/div>\n\t\t\t\t\t\t<\/div>\n\t\t\t\t<\/div>\n\t\t\t\t<div class=\"elementor-element elementor-element-a9e54dd elementor-widget elementor-widget-heading\" data-id=\"a9e54dd\" data-element_type=\"widget\" data-widget_type=\"heading.default\">\n\t\t\t\t<div class=\"elementor-widget-container\">\n\t\t\t\t\t<p class=\"elementor-heading-title elementor-size-default\">Per document <br>\nvanaf<\/p>\t\t\t\t<\/div>\n\t\t\t\t<\/div>\n\t\t\t\t<div class=\"elementor-element elementor-element-04901e2 elementor-widget elementor-widget-spacer\" data-id=\"04901e2\" data-element_type=\"widget\" data-widget_type=\"spacer.default\">\n\t\t\t\t<div class=\"elementor-widget-container\">\n\t\t\t\t\t\t\t<div class=\"elementor-spacer\">\n\t\t\t<div class=\"elementor-spacer-inner\"><\/div>\n\t\t<\/div>\n\t\t\t\t\t\t<\/div>\n\t\t\t\t<\/div>\n\t\t\t\t<div class=\"elementor-element elementor-element-d4b1254 elementor-widget elementor-widget-heading\" data-id=\"d4b1254\" data-element_type=\"widget\" data-widget_type=\"heading.default\">\n\t\t\t\t<div class=\"elementor-widget-container\">\n\t\t\t\t\t<p class=\"elementor-heading-title elementor-size-default\">49 \u20ac<\/p>\t\t\t\t<\/div>\n\t\t\t\t<\/div>\n\t\t\t\t<div class=\"elementor-element elementor-element-e077093 elementor-widget elementor-widget-heading\" data-id=\"e077093\" data-element_type=\"widget\" data-widget_type=\"heading.default\">\n\t\t\t\t<div class=\"elementor-widget-container\">\n\t\t\t\t\t<p class=\"elementor-heading-title elementor-size-default\">Prijs excl . BTW<\/p>\t\t\t\t<\/div>\n\t\t\t\t<\/div>\n\t\t\t\t<div class=\"elementor-element elementor-element-b535e73 elementor-widget-divider--view-line elementor-widget elementor-widget-divider\" data-id=\"b535e73\" data-element_type=\"widget\" data-widget_type=\"divider.default\">\n\t\t\t\t<div class=\"elementor-widget-container\">\n\t\t\t\t\t\t\t<div class=\"elementor-divider\">\n\t\t\t<span class=\"elementor-divider-separator\">\n\t\t\t\t\t\t<\/span>\n\t\t<\/div>\n\t\t\t\t\t\t<\/div>\n\t\t\t\t<\/div>\n\t\t\t\t<div class=\"elementor-element elementor-element-37cf097 elementor-widget elementor-widget-heading\" data-id=\"37cf097\" data-element_type=\"widget\" data-widget_type=\"heading.default\">\n\t\t\t\t<div class=\"elementor-widget-container\">\n\t\t\t\t\t<p class=\"elementor-heading-title elementor-size-default\">Ontdek dit product als onderdeel van onze packs en aantrekkelijke abonnementen.<\/p>\t\t\t\t<\/div>\n\t\t\t\t<\/div>\n\t\t\t\t<div class=\"elementor-element elementor-element-0470cbe elementor-widget elementor-widget-spacer\" data-id=\"0470cbe\" data-element_type=\"widget\" data-widget_type=\"spacer.default\">\n\t\t\t\t<div class=\"elementor-widget-container\">\n\t\t\t\t\t\t\t<div class=\"elementor-spacer\">\n\t\t\t<div class=\"elementor-spacer-inner\"><\/div>\n\t\t<\/div>\n\t\t\t\t\t\t<\/div>\n\t\t\t\t<\/div>\n\t\t\t\t\t<\/div>\n\t\t<\/div>\n\t\t\t\t\t<\/div>\n\t\t<\/section>\n\t\t\t\t<div class=\"elementor-element elementor-element-dbf521a elementor-widget elementor-widget-spacer\" data-id=\"dbf521a\" data-element_type=\"widget\" data-widget_type=\"spacer.default\">\n\t\t\t\t<div class=\"elementor-widget-container\">\n\t\t\t\t\t\t\t<div class=\"elementor-spacer\">\n\t\t\t<div class=\"elementor-spacer-inner\"><\/div>\n\t\t<\/div>\n\t\t\t\t\t\t<\/div>\n\t\t\t\t<\/div>\n\t\t\t\t<div class=\"elementor-element elementor-element-7e09c05 elementor-widget elementor-widget-text-editor\" data-id=\"7e09c05\" data-element_type=\"widget\" data-widget_type=\"text-editor.default\">\n\t\t\t\t<div class=\"elementor-widget-container\">\n\t\t\t\t\t\t\t\t\t<p>Duur van de vragenlijst: 10 min.<\/p><p>Datum laatste update: 23\/10\/2017<\/p><p>Beschikbare talen: FR \/ NL<\/p>\t\t\t\t\t\t\t\t<\/div>\n\t\t\t\t<\/div>\n\t\t\t\t\t<\/div>\n\t\t<\/div>\n\t\t\t\t<div class=\"elementor-column elementor-col-66 elementor-top-column elementor-element elementor-element-8bf68f5\" data-id=\"8bf68f5\" data-element_type=\"column\">\n\t\t\t<div class=\"elementor-widget-wrap elementor-element-populated\">\n\t\t\t\t\t\t<div class=\"elementor-element elementor-element-522c2ea elementor-widget elementor-widget-text-editor\" data-id=\"522c2ea\" data-element_type=\"widget\" data-widget_type=\"text-editor.default\">\n\t\t\t\t<div class=\"elementor-widget-container\">\n\t\t\t\t\t\t\t\t\t<p>De handelshuurovereenkomst wordt in principe gesloten voor een minimale looptijd van 9 jaar.<\/p><p>De handelshuurovereenkomst kan echter voor de einddatum opgezegd worden indien alle partijen hiermee instemmen.<\/p><p>De voorwaarden voor be\u00ebindiging van het contract moeten schriftelijk worden vastgelegd.<\/p><p><strong>Vergeet niet dat de schriftelijke be\u00ebindiging van de handelshuurovereenkomst ook moet worden bekrachtigd, ofwel door de vrederechter, ofwel door een notaris.<\/strong><\/p><p>Dit is een verplichting eigen aan de handelshuurovereenkomsten.<\/p>\t\t\t\t\t\t\t\t<\/div>\n\t\t\t\t<\/div>\n\t\t\t\t\t<\/div>\n\t\t<\/div>\n\t\t\t\t\t<\/div>\n\t\t<\/section>\n\t\t\t\t<\/div>","protected":false},"excerpt":{"rendered":"<p>My Legal Documents Accord de r\u00e9siliation amiable d&rsquo;un contrat de bail commercial En seulement 10 min ! Vous \u00eates pr\u00eat ? Cr\u00e9ez ce document Achat unique \u00e0 partir de 49 \u20ac Prix HTVA D\u00e9couvrez ce produit parmi nos packs et abonnements avantageux. Dur\u00e9e du questionnaire : 10 min. Date de derni\u00e8re mise \u00e0 jour : 23\/10\/2017 Langue disponible : FR \/ NL Le contrat de bail commercial est en principe conclu pour une dur\u00e9e minimale de 9 ann\u00e9es. Si toutes les parties sont d&rsquo;accord, le contrat de bail commercial peut \u00eatre r\u00e9sili\u00e9 avant le terme. Les termes de la fin du contrat doivent \u00eatre mis par \u00e9crit. N&rsquo;oubliez pas que cet accord doit \u00e9galement \u00eatre constat\u00e9 soit par le Juge de Paix, soit par un Notaire. C&rsquo;est une condition de validit\u00e9 qui existe sp\u00e9cifiquement pour le contrat de bail commercial.<\/p>","protected":false},"author":2,"featured_media":0,"parent":62,"menu_order":0,"comment_status":"closed","ping_status":"closed","template":"","meta":{"footnotes":""},"class_list":["post-1767","page","type-page","status-publish","hentry"],"_links":{"self":[{"href":"https:\/\/legalvillage.hldemo.tech\/nl\/wp-json\/wp\/v2\/pages\/1767","targetHints":{"allow":["GET"]}}],"collection":[{"href":"https:\/\/legalvillage.hldemo.tech\/nl\/wp-json\/wp\/v2\/pages"}],"about":[{"href":"https:\/\/legalvillage.hldemo.tech\/nl\/wp-json\/wp\/v2\/types\/page"}],"author":[{"embeddable":true,"href":"https:\/\/legalvillage.hldemo.tech\/nl\/wp-json\/wp\/v2\/users\/2"}],"replies":[{"embeddable":true,"href":"https:\/\/legalvillage.hldemo.tech\/nl\/wp-json\/wp\/v2\/comments?post=1767"}],"version-history":[{"count":35,"href":"https:\/\/legalvillage.hldemo.tech\/nl\/wp-json\/wp\/v2\/pages\/1767\/revisions"}],"predecessor-version":[{"id":9758,"href":"https:\/\/legalvillage.hldemo.tech\/nl\/wp-json\/wp\/v2\/pages\/1767\/revisions\/9758"}],"up":[{"embeddable":true,"href":"https:\/\/legalvillage.hldemo.tech\/nl\/wp-json\/wp\/v2\/pages\/62"}],"wp:attachment":[{"href":"https:\/\/legalvillage.hldemo.tech\/nl\/wp-json\/wp\/v2\/media?parent=1767"}],"curies":[{"name":"wp","href":"https:\/\/api.w.org\/{rel}","templated":true}]}}