{"id":640,"date":"2023-02-07T06:55:15","date_gmt":"2023-02-07T06:55:15","guid":{"rendered":"https:\/\/legalvillage.hldemo.tech\/?page_id=640"},"modified":"2024-11-26T12:46:08","modified_gmt":"2024-11-26T11:46:08","slug":"particulieren","status":"publish","type":"page","link":"https:\/\/legalvillage.hldemo.tech\/nl\/rechtsbijstandverzekering\/particulieren\/","title":{"rendered":"Rechtsbijstand voor Particulieren"},"content":{"rendered":"<div data-elementor-type=\"wp-page\" data-elementor-id=\"640\" class=\"elementor elementor-640\" data-elementor-post-type=\"page\">\n\t\t\t\t\t\t<section class=\"elementor-section elementor-top-section elementor-element elementor-element-12dd9c4 elementor-section-height-min-height elementor-section-boxed elementor-section-height-default elementor-section-items-middle wpr-particle-no wpr-jarallax-no wpr-parallax-no wpr-sticky-section-no\" data-id=\"12dd9c4\" data-element_type=\"section\" data-settings=\"{&quot;background_background&quot;:&quot;classic&quot;}\">\n\t\t\t\t\t\t<div class=\"elementor-container elementor-column-gap-default\">\n\t\t\t\t\t<div class=\"elementor-column elementor-col-100 elementor-top-column elementor-element elementor-element-fdd20d9\" data-id=\"fdd20d9\" data-element_type=\"column\">\n\t\t\t<div class=\"elementor-widget-wrap elementor-element-populated\">\n\t\t\t\t\t\t<div class=\"elementor-element elementor-element-fdfb862 elementor-widget elementor-widget-shortcode\" data-id=\"fdfb862\" data-element_type=\"widget\" data-widget_type=\"shortcode.default\">\n\t\t\t\t<div class=\"elementor-widget-container\">\n\t\t\t\t\t\t\t<div class=\"elementor-shortcode\"><nav aria-label=\"breadcrumbs\" class=\"rank-math-breadcrumb\"><p><span class=\"last\">Home<\/span><\/p><\/nav><\/div>\n\t\t\t\t\t\t<\/div>\n\t\t\t\t<\/div>\n\t\t\t\t\t<\/div>\n\t\t<\/div>\n\t\t\t\t\t<\/div>\n\t\t<\/section>\n\t\t\t\t<section class=\"elementor-section elementor-top-section elementor-element elementor-element-ea42c67 elementor-section-height-min-height elementor-section-boxed elementor-section-height-default elementor-section-items-middle wpr-particle-no wpr-jarallax-no wpr-parallax-no wpr-sticky-section-no\" data-id=\"ea42c67\" data-element_type=\"section\">\n\t\t\t\t\t\t<div class=\"elementor-container elementor-column-gap-default\">\n\t\t\t\t\t<div class=\"elementor-column elementor-col-50 elementor-top-column elementor-element elementor-element-eefb11e\" data-id=\"eefb11e\" data-element_type=\"column\">\n\t\t\t<div class=\"elementor-widget-wrap elementor-element-populated\">\n\t\t\t\t\t\t<div class=\"elementor-element elementor-element-5492c2a elementor-widget-divider--view-line_text elementor-widget-divider--element-align-right elementor-widget elementor-widget-divider\" data-id=\"5492c2a\" data-element_type=\"widget\" data-widget_type=\"divider.default\">\n\t\t\t\t<div class=\"elementor-widget-container\">\n\t\t\t\t\t\t\t<div class=\"elementor-divider\">\n\t\t\t<span class=\"elementor-divider-separator\">\n\t\t\t\t\t\t\t<p class=\"elementor-divider__text elementor-divider__element\">\n\t\t\t\tLegal Village Family\t\t\t\t<\/p>\n\t\t\t\t\t\t<\/span>\n\t\t<\/div>\n\t\t\t\t\t\t<\/div>\n\t\t\t\t<\/div>\n\t\t\t\t<div class=\"elementor-element elementor-element-4b7067e elementor-widget elementor-widget-spacer\" data-id=\"4b7067e\" data-element_type=\"widget\" data-widget_type=\"spacer.default\">\n\t\t\t\t<div class=\"elementor-widget-container\">\n\t\t\t\t\t\t\t<div class=\"elementor-spacer\">\n\t\t\t<div class=\"elementor-spacer-inner\"><\/div>\n\t\t<\/div>\n\t\t\t\t\t\t<\/div>\n\t\t\t\t<\/div>\n\t\t\t\t<div class=\"elementor-element elementor-element-671030f elementor-widget__width-initial elementor-widget elementor-widget-heading\" data-id=\"671030f\" data-element_type=\"widget\" data-widget_type=\"heading.default\">\n\t\t\t\t<div class=\"elementor-widget-container\">\n\t\t\t\t\t<h1 class=\"elementor-heading-title elementor-size-default\">Rechtsbijstand voor Particulieren<\/h1>\t\t\t\t<\/div>\n\t\t\t\t<\/div>\n\t\t\t\t<div class=\"elementor-element elementor-element-1212ba7 elementor-widget elementor-widget-spacer\" data-id=\"1212ba7\" data-element_type=\"widget\" data-widget_type=\"spacer.default\">\n\t\t\t\t<div class=\"elementor-widget-container\">\n\t\t\t\t\t\t\t<div class=\"elementor-spacer\">\n\t\t\t<div class=\"elementor-spacer-inner\"><\/div>\n\t\t<\/div>\n\t\t\t\t\t\t<\/div>\n\t\t\t\t<\/div>\n\t\t\t\t<div class=\"elementor-element elementor-element-4640c46 elementor-widget__width-initial elementor-widget-mobile__width-inherit elementor-widget elementor-widget-heading\" data-id=\"4640c46\" data-element_type=\"widget\" data-widget_type=\"heading.default\">\n\t\t\t\t<div class=\"elementor-widget-container\">\n\t\t\t\t\t<p class=\"elementor-heading-title elementor-size-default\">Wij bieden je, als particulier, in de rechtsbijstandverzekering Legal Village Family van AXA Belgium een juridische bescherming voor je mobiliteit of je priv\u00e9leven.<\/p>\t\t\t\t<\/div>\n\t\t\t\t<\/div>\n\t\t\t\t<div class=\"elementor-element elementor-element-cc77cb3 elementor-widget elementor-widget-spacer\" data-id=\"cc77cb3\" data-element_type=\"widget\" data-widget_type=\"spacer.default\">\n\t\t\t\t<div class=\"elementor-widget-container\">\n\t\t\t\t\t\t\t<div class=\"elementor-spacer\">\n\t\t\t<div class=\"elementor-spacer-inner\"><\/div>\n\t\t<\/div>\n\t\t\t\t\t\t<\/div>\n\t\t\t\t<\/div>\n\t\t\t\t\t<\/div>\n\t\t<\/div>\n\t\t\t\t<div class=\"elementor-column elementor-col-50 elementor-top-column elementor-element elementor-element-768f47f\" data-id=\"768f47f\" data-element_type=\"column\">\n\t\t\t<div class=\"elementor-widget-wrap elementor-element-populated\">\n\t\t\t\t\t\t<div class=\"elementor-element elementor-element-70b9152 elementor-widget elementor-widget-image\" data-id=\"70b9152\" data-element_type=\"widget\" data-widget_type=\"image.default\">\n\t\t\t\t<div class=\"elementor-widget-container\">\n\t\t\t\t\t\t\t\t\t\t\t\t\t\t\t<img fetchpriority=\"high\" decoding=\"async\" width=\"789\" height=\"570\" src=\"https:\/\/legalvillage.hldemo.tech\/wp-content\/uploads\/2023\/03\/nouvelle-bulle.png\" class=\"attachment-large size-large wp-image-4780\" alt=\"protection juridique particuliers habitation mobilit\u00e9 vie priv\u00e9e\" srcset=\"https:\/\/legalvillage.hldemo.tech\/wp-content\/uploads\/2023\/03\/nouvelle-bulle.png 789w, https:\/\/legalvillage.hldemo.tech\/wp-content\/uploads\/2023\/03\/nouvelle-bulle-300x217.png 300w, https:\/\/legalvillage.hldemo.tech\/wp-content\/uploads\/2023\/03\/nouvelle-bulle-768x555.png 768w, https:\/\/legalvillage.hldemo.tech\/wp-content\/uploads\/2023\/03\/nouvelle-bulle-18x12.png 18w\" sizes=\"(max-width: 789px) 100vw, 789px\" \/>\t\t\t\t\t\t\t\t\t\t\t\t\t\t\t<\/div>\n\t\t\t\t<\/div>\n\t\t\t\t\t<\/div>\n\t\t<\/div>\n\t\t\t\t\t<\/div>\n\t\t<\/section>\n\t\t\t\t<section class=\"elementor-section elementor-top-section elementor-element elementor-element-e4cc734 elementor-section-boxed elementor-section-height-default elementor-section-height-default wpr-particle-no wpr-jarallax-no wpr-parallax-no wpr-sticky-section-no\" data-id=\"e4cc734\" data-element_type=\"section\">\n\t\t\t\t\t\t<div class=\"elementor-container elementor-column-gap-default\">\n\t\t\t\t\t<div class=\"elementor-column elementor-col-50 elementor-top-column elementor-element elementor-element-452a8a6\" data-id=\"452a8a6\" data-element_type=\"column\">\n\t\t\t<div class=\"elementor-widget-wrap elementor-element-populated\">\n\t\t\t\t\t\t<div class=\"elementor-element elementor-element-40b2e86 elementor-widget elementor-widget-image\" data-id=\"40b2e86\" data-element_type=\"widget\" data-widget_type=\"image.default\">\n\t\t\t\t<div class=\"elementor-widget-container\">\n\t\t\t\t\t\t\t\t\t\t\t\t\t\t\t\t<a href=\"https:\/\/legalvillage.hldemo.tech\/nl\/rechtsbijstandverzekering\/particulieren\/mijn-mobiliteit\/\">\n\t\t\t\t\t\t\t<img decoding=\"async\" width=\"615\" height=\"924\" src=\"https:\/\/legalvillage.hldemo.tech\/wp-content\/uploads\/2023\/03\/angelo-pantazis-JWweTjBosws-unsplash-1.jpg\" class=\"attachment-full size-full wp-image-3866\" alt=\"circulation en ville avec voitures, v\u00e9lo et moto\" srcset=\"https:\/\/legalvillage.hldemo.tech\/wp-content\/uploads\/2023\/03\/angelo-pantazis-JWweTjBosws-unsplash-1.jpg 615w, https:\/\/legalvillage.hldemo.tech\/wp-content\/uploads\/2023\/03\/angelo-pantazis-JWweTjBosws-unsplash-1-200x300.jpg 200w, https:\/\/legalvillage.hldemo.tech\/wp-content\/uploads\/2023\/03\/angelo-pantazis-JWweTjBosws-unsplash-1-8x12.jpg 8w\" sizes=\"(max-width: 615px) 100vw, 615px\" \/>\t\t\t\t\t\t\t\t<\/a>\n\t\t\t\t\t\t\t\t\t\t\t\t\t\t\t<\/div>\n\t\t\t\t<\/div>\n\t\t<div class=\"elementor-element elementor-element-1cf7c41 e-con-full e-flex wpr-particle-no wpr-jarallax-no wpr-parallax-no wpr-sticky-section-no e-con e-parent\" data-id=\"1cf7c41\" data-element_type=\"container\">\n\t\t\t\t<div class=\"elementor-element elementor-element-5df29d1 elementor-widget elementor-widget-heading\" data-id=\"5df29d1\" data-element_type=\"widget\" data-widget_type=\"heading.default\">\n\t\t\t\t<div class=\"elementor-widget-container\">\n\t\t\t\t\t<div class=\"elementor-heading-title elementor-size-default\"><a href=\"https:\/\/legalvillage.hldemo.tech\/nl\/rechtsbijstandverzekering\/particulieren\/mijn-mobiliteit\/\">Voor jouw mobiliteit<\/a><\/div>\t\t\t\t<\/div>\n\t\t\t\t<\/div>\n\t\t\t\t<div class=\"elementor-element elementor-element-cc4988b elementor-widget elementor-widget-button\" data-id=\"cc4988b\" data-element_type=\"widget\" data-widget_type=\"button.default\">\n\t\t\t\t<div class=\"elementor-widget-container\">\n\t\t\t\t\t\t\t\t\t<div class=\"elementor-button-wrapper\">\n\t\t\t\t\t<a class=\"elementor-button elementor-button-link elementor-size-sm\" href=\"https:\/\/legalvillage.hldemo.tech\/nl\/rechtsbijstandverzekering\/particulieren\/mijn-mobiliteit\/\">\n\t\t\t\t\t\t<span class=\"elementor-button-content-wrapper\">\n\t\t\t\t\t\t<span class=\"elementor-button-icon\">\n\t\t\t\t<svg xmlns=\"http:\/\/www.w3.org\/2000\/svg\" width=\"19\" height=\"8\" viewbox=\"0 0 19 8\" fill=\"none\"><path d=\"M18.3536 4.35355C18.5488 4.15829 18.5488 3.84171 18.3536 3.64645L15.1716 0.464467C14.9763 0.269205 14.6597 0.269205 14.4645 0.464467C14.2692 0.65973 14.2692 0.976312 14.4645 1.17157L17.2929 4L14.4645 6.82843C14.2692 7.02369 14.2692 7.34027 14.4645 7.53554C14.6597 7.7308 14.9763 7.7308 15.1716 7.53554L18.3536 4.35355ZM-4.37114e-08 4.5L18 4.5L18 3.5L4.37114e-08 3.5L-4.37114e-08 4.5Z\" fill=\"#51B451\"><\/path><\/svg>\t\t\t<\/span>\n\t\t\t\t\t\t\t\t\t<span class=\"elementor-button-text\">Meer info<\/span>\n\t\t\t\t\t<\/span>\n\t\t\t\t\t<\/a>\n\t\t\t\t<\/div>\n\t\t\t\t\t\t\t\t<\/div>\n\t\t\t\t<\/div>\n\t\t\t\t<\/div>\n\t\t\t\t\t<\/div>\n\t\t<\/div>\n\t\t\t\t<div class=\"elementor-column elementor-col-50 elementor-top-column elementor-element elementor-element-80bd4f8\" data-id=\"80bd4f8\" data-element_type=\"column\">\n\t\t\t<div class=\"elementor-widget-wrap elementor-element-populated\">\n\t\t\t\t\t\t<div class=\"elementor-element elementor-element-65fb911 elementor-widget elementor-widget-image\" data-id=\"65fb911\" data-element_type=\"widget\" data-widget_type=\"image.default\">\n\t\t\t\t<div class=\"elementor-widget-container\">\n\t\t\t\t\t\t\t\t\t\t\t\t\t\t\t\t<a href=\"https:\/\/legalvillage.hldemo.tech\/nl\/rechtsbijstandverzekering\/particulieren\/vie-privee\/\">\n\t\t\t\t\t\t\t<img decoding=\"async\" width=\"800\" height=\"535\" src=\"https:\/\/legalvillage.hldemo.tech\/wp-content\/uploads\/2023\/03\/famille.jpg\" class=\"attachment-large size-large wp-image-2211\" alt=\"assurance protection juridique particulier vie priv\u00e9e\" srcset=\"https:\/\/legalvillage.hldemo.tech\/wp-content\/uploads\/2023\/03\/famille.jpg 929w, https:\/\/legalvillage.hldemo.tech\/wp-content\/uploads\/2023\/03\/famille-300x201.jpg 300w, https:\/\/legalvillage.hldemo.tech\/wp-content\/uploads\/2023\/03\/famille-768x513.jpg 768w, https:\/\/legalvillage.hldemo.tech\/wp-content\/uploads\/2023\/03\/famille-18x12.jpg 18w\" sizes=\"(max-width: 800px) 100vw, 800px\" \/>\t\t\t\t\t\t\t\t<\/a>\n\t\t\t\t\t\t\t\t\t\t\t\t\t\t\t<\/div>\n\t\t\t\t<\/div>\n\t\t<div class=\"elementor-element elementor-element-62978d9 e-con-full e-flex wpr-particle-no wpr-jarallax-no wpr-parallax-no wpr-sticky-section-no e-con e-parent\" data-id=\"62978d9\" data-element_type=\"container\">\n\t\t\t\t<div class=\"elementor-element elementor-element-2a526d7 elementor-widget elementor-widget-heading\" data-id=\"2a526d7\" data-element_type=\"widget\" data-widget_type=\"heading.default\">\n\t\t\t\t<div class=\"elementor-widget-container\">\n\t\t\t\t\t<div class=\"elementor-heading-title elementor-size-default\"><a href=\"https:\/\/legalvillage.hldemo.tech\/nl\/rechtsbijstandverzekering\/particulieren\/vie-privee\/\">Voor jouw priv\u00e9leven<\/a><\/div>\t\t\t\t<\/div>\n\t\t\t\t<\/div>\n\t\t\t\t<div class=\"elementor-element elementor-element-79746ea elementor-widget elementor-widget-button\" data-id=\"79746ea\" data-element_type=\"widget\" data-widget_type=\"button.default\">\n\t\t\t\t<div class=\"elementor-widget-container\">\n\t\t\t\t\t\t\t\t\t<div class=\"elementor-button-wrapper\">\n\t\t\t\t\t<a class=\"elementor-button elementor-button-link elementor-size-sm\" href=\"https:\/\/legalvillage.hldemo.tech\/nl\/rechtsbijstandverzekering\/particulieren\/vie-privee\/\">\n\t\t\t\t\t\t<span class=\"elementor-button-content-wrapper\">\n\t\t\t\t\t\t<span class=\"elementor-button-icon\">\n\t\t\t\t<svg xmlns=\"http:\/\/www.w3.org\/2000\/svg\" width=\"19\" height=\"8\" viewbox=\"0 0 19 8\" fill=\"none\"><path d=\"M18.3536 4.35355C18.5488 4.15829 18.5488 3.84171 18.3536 3.64645L15.1716 0.464467C14.9763 0.269205 14.6597 0.269205 14.4645 0.464467C14.2692 0.65973 14.2692 0.976312 14.4645 1.17157L17.2929 4L14.4645 6.82843C14.2692 7.02369 14.2692 7.34027 14.4645 7.53554C14.6597 7.7308 14.9763 7.7308 15.1716 7.53554L18.3536 4.35355ZM-4.37114e-08 4.5L18 4.5L18 3.5L4.37114e-08 3.5L-4.37114e-08 4.5Z\" fill=\"#51B451\"><\/path><\/svg>\t\t\t<\/span>\n\t\t\t\t\t\t\t\t\t<span class=\"elementor-button-text\">Meer info<\/span>\n\t\t\t\t\t<\/span>\n\t\t\t\t\t<\/a>\n\t\t\t\t<\/div>\n\t\t\t\t\t\t\t\t<\/div>\n\t\t\t\t<\/div>\n\t\t\t\t<\/div>\n\t\t\t\t\t<\/div>\n\t\t<\/div>\n\t\t\t\t\t<\/div>\n\t\t<\/section>\n\t\t\t\t<section class=\"elementor-section elementor-top-section elementor-element elementor-element-e626381 elementor-section-height-min-height elementor-section-items-stretch elementor-section-boxed elementor-section-height-default wpr-particle-no wpr-jarallax-no wpr-parallax-no wpr-sticky-section-no\" data-id=\"e626381\" data-element_type=\"section\" data-settings=\"{&quot;background_background&quot;:&quot;classic&quot;}\">\n\t\t\t\t\t\t<div class=\"elementor-container elementor-column-gap-default\">\n\t\t\t\t\t<div class=\"elementor-column elementor-col-50 elementor-top-column elementor-element elementor-element-3e31d74\" data-id=\"3e31d74\" data-element_type=\"column\">\n\t\t\t<div class=\"elementor-widget-wrap elementor-element-populated\">\n\t\t\t\t\t\t<div class=\"elementor-element elementor-element-9ed3c9e elementor-widget elementor-widget-spacer\" data-id=\"9ed3c9e\" data-element_type=\"widget\" data-widget_type=\"spacer.default\">\n\t\t\t\t<div class=\"elementor-widget-container\">\n\t\t\t\t\t\t\t<div class=\"elementor-spacer\">\n\t\t\t<div class=\"elementor-spacer-inner\"><\/div>\n\t\t<\/div>\n\t\t\t\t\t\t<\/div>\n\t\t\t\t<\/div>\n\t\t\t\t\t<\/div>\n\t\t<\/div>\n\t\t\t\t<div class=\"elementor-column elementor-col-50 elementor-top-column elementor-element elementor-element-8af8548 elementor-hidden-mobile\" data-id=\"8af8548\" data-element_type=\"column\">\n\t\t\t<div class=\"elementor-widget-wrap\">\n\t\t\t\t\t\t\t<\/div>\n\t\t<\/div>\n\t\t\t\t\t<\/div>\n\t\t<\/section>\n\t\t\t\t<\/div>","protected":false},"excerpt":{"rendered":"<p>Legal Village Family Assurance protection juridique particuliers En tant que particulier, nous vous offrons une protection juridique qui couvre votre mobilit\u00e9, les aspects de votre vie priv\u00e9e et votre domicile avec l&rsquo;assurance Legal Village Family d&rsquo;AXA Belgium. Pour votre mobilit\u00e9 En savoir plus Pour votre vie priv\u00e9e En savoir plus<\/p>","protected":false},"author":1,"featured_media":0,"parent":5001,"menu_order":0,"comment_status":"closed","ping_status":"closed","template":"","meta":{"footnotes":""},"class_list":["post-640","page","type-page","status-publish","hentry"],"_links":{"self":[{"href":"https:\/\/legalvillage.hldemo.tech\/nl\/wp-json\/wp\/v2\/pages\/640","targetHints":{"allow":["GET"]}}],"collection":[{"href":"https:\/\/legalvillage.hldemo.tech\/nl\/wp-json\/wp\/v2\/pages"}],"about":[{"href":"https:\/\/legalvillage.hldemo.tech\/nl\/wp-json\/wp\/v2\/types\/page"}],"author":[{"embeddable":true,"href":"https:\/\/legalvillage.hldemo.tech\/nl\/wp-json\/wp\/v2\/users\/1"}],"replies":[{"embeddable":true,"href":"https:\/\/legalvillage.hldemo.tech\/nl\/wp-json\/wp\/v2\/comments?post=640"}],"version-history":[{"count":355,"href":"https:\/\/legalvillage.hldemo.tech\/nl\/wp-json\/wp\/v2\/pages\/640\/revisions"}],"predecessor-version":[{"id":9233,"href":"https:\/\/legalvillage.hldemo.tech\/nl\/wp-json\/wp\/v2\/pages\/640\/revisions\/9233"}],"up":[{"embeddable":true,"href":"https:\/\/legalvillage.hldemo.tech\/nl\/wp-json\/wp\/v2\/pages\/5001"}],"wp:attachment":[{"href":"https:\/\/legalvillage.hldemo.tech\/nl\/wp-json\/wp\/v2\/media?parent=640"}],"curies":[{"name":"wp","href":"https:\/\/api.w.org\/{rel}","templated":true}]}}